{"id":95,"date":"2023-11-28T13:04:09","date_gmt":"2023-11-28T13:04:09","guid":{"rendered":"https:\/\/chateauduchatelard.ch\/?page_id=95"},"modified":"2024-09-15T13:54:50","modified_gmt":"2024-09-15T13:54:50","slug":"weddings","status":"publish","type":"page","link":"https:\/\/chateauduchatelard.ch\/de\/hochzeiten\/","title":{"rendered":"HOCHZEITEN"},"content":{"rendered":"<div class=\"wpb-content-wrapper\"><div data-vc-full-width=\"true\" data-vc-full-width-init=\"false\" data-vc-stretch-content=\"true\" class=\"vc_row wpb_row vc_row-fluid vc_custom_1701300815857 vc_row-has-fill vc_column-gap-0 vc_row-no-padding has-heart-bg\"><div class=\"wpb_column vc_column_container vc_col-sm-12 occ-633562\"><div class=\"vc_column-inner\"><div class=\"wpb_wrapper\">\n\t<div class=\"wpb_text_column wpb_content_element\" >\n\t\t<div class=\"wpb_wrapper\">\n\t\t\t<h1 class=\"vc_custom_heading\" style=\"text-align: center; color: #fff;\">S\u00fc\u00dfe Worte<\/h1>\n\n\t\t<\/div>\n\t<\/div>\n<div class=\"vc_empty_space\"   style=\"height: 2vw\"><span class=\"vc_empty_space_inner\"><\/span><\/div><\/div><\/div><\/div><\/div><div class=\"vc_row-full-width vc_clearfix\"><\/div><div class=\"vc_row wpb_row vc_row-fluid vc_column-gap-0\"><div class=\"wpb_column vc_column_container vc_col-sm-12 occ-136552\"><div class=\"vc_column-inner\"><div class=\"wpb_wrapper\">\n\t<div  class=\"wpb_single_image wpb_content_element vc_align_center  vc_custom_1701301006820\">\n\t\t\n\t\t<figure class=\"wpb_wrapper vc_figure\">\n\t\t\t<div class=\"vc_single_image-wrapper   vc_box_border_grey\"><img decoding=\"async\" width=\"300\" height=\"139\" src=\"https:\/\/chateauduchatelard.ch\/wp-content\/uploads\/2023\/11\/flowers-300x139.png\" class=\"vc_single_image-img attachment-medium\" alt=\"\" title=\"Blumen\" srcset=\"https:\/\/chateauduchatelard.ch\/wp-content\/uploads\/2023\/11\/flowers-300x139.png 300w, https:\/\/chateauduchatelard.ch\/wp-content\/uploads\/2023\/11\/flowers.png 350w\" sizes=\"(max-width: 300px) 100vw, 300px\" \/><\/div>\n\t\t<\/figure>\n\t<\/div>\n\n\t<div class=\"wpb_text_column wpb_content_element\" >\n\t\t<div class=\"wpb_wrapper\">\n\t\t\t<p class=\"vc_custom_heading vc_custom_1485264425865\" style=\"text-align: center; font-size: 30px; max-width: 1100px; margin: 0 auto; line-height: 1.3em;\">Wir freuen uns \u00fcber die vielen Dankesschreiben von Paaren, die Wedding Planner als einzigartigen Ort f\u00fcr ihre Hochzeit gew\u00e4hlt haben.\u00a0<strong>Hier sind einige Beispiele:<\/strong><\/p>\n\n\t\t<\/div>\n\t<\/div>\n\n<div id=\"ofd-59502\" class=\"ozy-floral-divider style_1 align-center\">\n<svg viewbox=\"0 0 360.62 37.92\"><use xlink:href=\"https:\/\/chateauduchatelard.ch\/wp-content\/plugins\/ozy-wedding-planner-essentials\/images\/floral_divider.svg#floral_divider\"><\/use><\/svg><\/div><div class=\"vc_empty_space\"   style=\"height: 50px\"><span class=\"vc_empty_space_inner\"><\/span><\/div><\/div><\/div><\/div><\/div><div class=\"vc_row wpb_row vc_row-fluid vc_column-gap-0\"><div class=\"wpb_column vc_column_container vc_col-sm-12 occ-893230\"><div class=\"vc_column-inner\"><div class=\"wpb_wrapper\">\r\n\t\t\t\t<div class=\"ozy-testimonial-quote group   left\"  style=\"color:#c3b4b4\">\r\n\t\t\t\t\t<span class=\"img-wrapper\" style=\"background-image:url(https:\/\/chateauduchatelard.ch\/wp-content\/uploads\/2023\/11\/shutterstock_152779688-min.jpg)\">&nbsp;<\/span>\r\n\t\t\t\t\t<div class=\"ozy-quote-container has_image\">\r\n\t\t\t\t\t\t<blockquote>\r\n\t\t\t\t\t\t\t<p  style=\"color:#c3b4b4\">Wir hatten unsere Hochzeit im Lough Rynn Castle und ich war von der Professionalit\u00e4t des Personals mehr als beeindruckt. Insbesondere m\u00f6chte ich mich bei Gina Wild bedanken, die unsere Hochzeitskoordinatorin war und bei meinen zahlreichen Anfragen unglaublich hilfreich war. Lough Rynn ist wie ein Zuhause fern von zu Hause. Das Feedback, das ich von meinen G\u00e4sten erhalten habe, war in Bezug auf das Essen und den Service au\u00dfergew\u00f6hnlich. Ich kann Lough Rynn nicht hoch genug einsch\u00e4tzen und ich kann es kaum erwarten, wiederzukommen.<\/p>\r\n\t\t\t\t\t\t<\/blockquote>  \r\n\t\t\t\t\t\t<cite><span>BRIGETTE &amp; GARRY<\/span><br>\r\n\t\t\t\t\t\t\tFamilie Andrew\r\n\t\t\t\t\t\t\t<br>Rom\r\n\t\t\t\t\t\t<\/cite>\r\n\t\t\t\t\t<\/div>\r\n\t\t\t\t\t\r\n\t\t\t\t<\/div><\/div><\/div><\/div><\/div><div class=\"vc_row wpb_row vc_row-fluid vc_column-gap-0\"><div class=\"wpb_column vc_column_container vc_col-sm-12 occ-338425\"><div class=\"vc_column-inner\"><div class=\"wpb_wrapper\"><\/div><\/div><\/div><\/div><div data-vc-full-width=\"true\" data-vc-full-width-init=\"false\" data-vc-stretch-content=\"true\" class=\"vc_row wpb_row vc_row-fluid vc_column-gap-0 vc_row-no-padding\"><div class=\"wpb_column vc_column_container vc_col-sm-12 occ-91729\"><div class=\"vc_column-inner\"><div class=\"wpb_wrapper\">\n<div class=\"vc_grid-container-wrapper vc_clearfix vc_grid-animation-zoomIn\">\n\t<div class=\"vc_grid-container vc_clearfix wpb_content_element vc_masonry_media_grid\" data-initial-loading-animation=\"zoomIn\" data-vc-grid-settings=\"{&quot;page_id&quot;:95,&quot;style&quot;:&quot;all-masonry&quot;,&quot;action&quot;:&quot;vc_get_vc_grid_data&quot;,&quot;shortcode_id&quot;:&quot;1726408324451-a5453ef3322c4082b5340b8a64b2fd5f-6&quot;,&quot;tag&quot;:&quot;vc_masonry_media_grid&quot;}\" data-vc-request=\"https:\/\/chateauduchatelard.ch\/wp-admin\/admin-ajax.php\" data-vc-post-id=\"95\" data-vc-public-nonce=\"c4e767d362\">\n\t\t\n\t<\/div>\n<\/div><\/div><\/div><\/div><\/div><div class=\"vc_row-full-width vc_clearfix\"><\/div><div data-vc-full-width=\"true\" data-vc-full-width-init=\"false\" data-vc-stretch-content=\"true\" class=\"vc_row wpb_row vc_row-fluid vc_column-gap-0 vc_row-no-padding\"><div class=\"wpb_column vc_column_container vc_col-sm-12 occ-299563\"><div class=\"vc_column-inner\"><div class=\"wpb_wrapper\">\n<div id=\"ofd-73694\" class=\"ozy-floral-divider style_1 align-center\">\n<svg viewbox=\"0 0 360.62 37.92\"><use xlink:href=\"https:\/\/chateauduchatelard.ch\/wp-content\/plugins\/ozy-wedding-planner-essentials\/images\/floral_divider.svg#floral_divider\"><\/use><\/svg><\/div><div class=\"vc_empty_space\"   style=\"height: 30px\"><span class=\"vc_empty_space_inner\"><\/span><\/div>\n\t<div  class=\"wpb_single_image wpb_content_element vc_align_center\">\n\t\t\n\t\t<figure class=\"wpb_wrapper vc_figure\">\n\t\t\t<div class=\"vc_single_image-wrapper   vc_box_border_grey\"><img decoding=\"async\" width=\"150\" height=\"113\" src=\"https:\/\/chateauduchatelard.ch\/wp-content\/uploads\/2023\/11\/flowers-2.png\" class=\"vc_single_image-img attachment-thumbnail\" alt=\"\" title=\"Blumen-2\" \/><\/div>\n\t\t<\/figure>\n\t<\/div>\n<\/div><\/div><\/div><\/div><div class=\"vc_row-full-width vc_clearfix\"><\/div><div class=\"vc_row wpb_row vc_row-fluid vc_column-gap-0\"><div class=\"wpb_column vc_column_container vc_col-sm-12 occ-489369\"><div class=\"vc_column-inner\"><div class=\"wpb_wrapper\">\r\n\t\t\t\t<div class=\"ozy-testimonial-quote group   right\"  style=\"color:#c3b4b4\">\r\n\t\t\t\t\t\r\n\t\t\t\t\t<div class=\"ozy-quote-container has_image\">\r\n\t\t\t\t\t\t<blockquote>\r\n\t\t\t\t\t\t\t<p  style=\"color:#c3b4b4\">Wir hatten unsere Hochzeit im Lough Rynn Castle und ich war von der Professionalit\u00e4t des Personals mehr als beeindruckt. Insbesondere m\u00f6chte ich mich bei Gina Wild bedanken, die unsere Hochzeitskoordinatorin war und bei meinen zahlreichen Anfragen unglaublich hilfreich war. Lough Rynn ist wie ein Zuhause fern von zu Hause. Das Feedback, das ich von meinen G\u00e4sten erhalten habe, war in Bezug auf das Essen und den Service au\u00dfergew\u00f6hnlich. Ich kann Lough Rynn nicht hoch genug einsch\u00e4tzen und ich kann es kaum erwarten, wiederzukommen.<\/p>\r\n\t\t\t\t\t\t<\/blockquote>  \r\n\t\t\t\t\t\t<cite><span>BRIGETTE &amp; GARRY<\/span><br>\r\n\t\t\t\t\t\t\tFamilie Andrew\r\n\t\t\t\t\t\t\t<br>Rom\r\n\t\t\t\t\t\t<\/cite>\r\n\t\t\t\t\t<\/div>\r\n\t\t\t\t\t<span class=\"img-wrapper\" style=\"background-image:url(https:\/\/chateauduchatelard.ch\/wp-content\/uploads\/2023\/11\/shutterstock_152779688-min.jpg)\">&nbsp;<\/span>\r\n\t\t\t\t<\/div><\/div><\/div><\/div><\/div><div data-vc-full-width=\"true\" data-vc-full-width-init=\"false\" data-vc-stretch-content=\"true\" class=\"vc_row wpb_row vc_row-fluid vc_column-gap-0 vc_row-no-padding\"><div class=\"wpb_column vc_column_container vc_col-sm-12 occ-26782\"><div class=\"vc_column-inner\"><div class=\"wpb_wrapper\">\n<div class=\"vc_grid-container-wrapper vc_clearfix vc_grid-animation-zoomIn\">\n\t<div class=\"vc_grid-container vc_clearfix wpb_content_element vc_masonry_media_grid\" data-initial-loading-animation=\"zoomIn\" data-vc-grid-settings=\"{&quot;page_id&quot;:95,&quot;style&quot;:&quot;all-masonry&quot;,&quot;action&quot;:&quot;vc_get_vc_grid_data&quot;,&quot;shortcode_id&quot;:&quot;1726408324851-ea4df338fd44441a8899d845379f4e2e-8&quot;,&quot;tag&quot;:&quot;vc_masonry_media_grid&quot;}\" data-vc-request=\"https:\/\/chateauduchatelard.ch\/wp-admin\/admin-ajax.php\" data-vc-post-id=\"95\" data-vc-public-nonce=\"c4e767d362\">\n\t\t\n\t<\/div>\n<\/div><\/div><\/div><\/div><\/div><div class=\"vc_row-full-width vc_clearfix\"><\/div><div class=\"vc_row wpb_row vc_row-fluid vc_column-gap-0\"><div class=\"wpb_column vc_column_container vc_col-sm-12 occ-530494\"><div class=\"vc_column-inner\"><div class=\"wpb_wrapper\">\n\t<div  class=\"wpb_single_image wpb_content_element vc_align_center\">\n\t\t\n\t\t<figure class=\"wpb_wrapper vc_figure\">\n\t\t\t<div class=\"vc_single_image-wrapper   vc_box_border_grey\"><img decoding=\"async\" width=\"200\" height=\"82\" src=\"https:\/\/chateauduchatelard.ch\/wp-content\/uploads\/2023\/11\/dusk31.png\" class=\"vc_single_image-img attachment-medium\" alt=\"\" title=\"Abendd\u00e4mmerung31\" \/><\/div>\n\t\t<\/figure>\n\t<\/div>\n<\/div><\/div><\/div><\/div>\n<\/div>","protected":false},"excerpt":{"rendered":"S\u00fc\u00dfe Worte Wir haben viele Dankesbriefe von Paaren erhalten, die Wedding Planner als Ort f\u00fcr ihre einzigartige Hochzeit gew\u00e4hlt haben. Hier sind ein paar Beispiele:   Wir [...]","protected":false},"author":2,"featured_media":0,"parent":0,"menu_order":0,"comment_status":"closed","ping_status":"closed","template":"","meta":{"footnotes":""},"yoast_head":"<!-- This site is optimized with the Yoast SEO plugin v23.5 - https:\/\/yoast.com\/wordpress\/plugins\/seo\/ -->\n<title>WEDDINGS &#8212; Ch\u00e2teau du Ch\u00e2telard<\/title>\n<meta name=\"description\" content=\"Book a wedding in our castle &#8212; Ch\u00e2teau du Ch\u00e2telard\" \/>\n<meta name=\"robots\" content=\"index, follow, max-snippet:-1, max-image-preview:large, max-video-preview:-1\" \/>\n<link rel=\"canonical\" href=\"https:\/\/chateauduchatelard.ch\/de\/hochzeiten\/\" \/>\n<meta property=\"og:locale\" content=\"de_DE\" \/>\n<meta property=\"og:type\" content=\"article\" \/>\n<meta property=\"og:title\" content=\"WEDDINGS &#8212; Ch\u00e2teau du Ch\u00e2telard\" \/>\n<meta property=\"og:description\" content=\"Book a wedding in our castle &#8212; Ch\u00e2teau du Ch\u00e2telard\" \/>\n<meta property=\"og:url\" content=\"https:\/\/chateauduchatelard.ch\/de\/hochzeiten\/\" \/>\n<meta property=\"og:site_name\" content=\"Ch\u00e2teau du Ch\u00e2telard\" \/>\n<meta property=\"article:modified_time\" content=\"2024-09-15T13:54:50+00:00\" \/>\n<meta property=\"og:image\" content=\"https:\/\/chateauduchatelard.ch\/wp-content\/uploads\/2023\/12\/cropped-f_4825b76bbb358c24-1-270x270-1.png\" \/>\n\t<meta property=\"og:image:width\" content=\"270\" \/>\n\t<meta property=\"og:image:height\" content=\"270\" \/>\n\t<meta property=\"og:image:type\" content=\"image\/png\" \/>\n<meta name=\"twitter:card\" content=\"summary_large_image\" \/>\n<meta name=\"twitter:label1\" content=\"Gesch\u00e4tzte Lesezeit\" \/>\n\t<meta name=\"twitter:data1\" content=\"2 Minuten\" \/>\n<script type=\"application\/ld+json\" class=\"yoast-schema-graph\">{\"@context\":\"https:\/\/schema.org\",\"@graph\":[{\"@type\":\"WebPage\",\"@id\":\"https:\/\/chateauduchatelard.ch\/weddings\/\",\"url\":\"https:\/\/chateauduchatelard.ch\/weddings\/\",\"name\":\"WEDDINGS &#8212; Ch\u00e2teau du Ch\u00e2telard\",\"isPartOf\":{\"@id\":\"https:\/\/chateauduchatelard.ch\/#website\"},\"datePublished\":\"2023-11-28T13:04:09+00:00\",\"dateModified\":\"2024-09-15T13:54:50+00:00\",\"description\":\"Book a wedding in our castle &#8212; Ch\u00e2teau du Ch\u00e2telard\",\"breadcrumb\":{\"@id\":\"https:\/\/chateauduchatelard.ch\/weddings\/#breadcrumb\"},\"inLanguage\":\"de-DE\",\"potentialAction\":[{\"@type\":\"ReadAction\",\"target\":[\"https:\/\/chateauduchatelard.ch\/weddings\/\"]}]},{\"@type\":\"BreadcrumbList\",\"@id\":\"https:\/\/chateauduchatelard.ch\/weddings\/#breadcrumb\",\"itemListElement\":[{\"@type\":\"ListItem\",\"position\":1,\"name\":\"Home\",\"item\":\"https:\/\/chateauduchatelard.ch\/\"},{\"@type\":\"ListItem\",\"position\":2,\"name\":\"WEDDINGS\"}]},{\"@type\":\"WebSite\",\"@id\":\"https:\/\/chateauduchatelard.ch\/#website\",\"url\":\"https:\/\/chateauduchatelard.ch\/\",\"name\":\"Ch\u00e2teau du Ch\u00e2telard\",\"description\":\"\",\"publisher\":{\"@id\":\"https:\/\/chateauduchatelard.ch\/#organization\"},\"alternateName\":\"Ch\u00e2teau du Ch\u00e2telard\",\"potentialAction\":[{\"@type\":\"SearchAction\",\"target\":{\"@type\":\"EntryPoint\",\"urlTemplate\":\"https:\/\/chateauduchatelard.ch\/?s={search_term_string}\"},\"query-input\":{\"@type\":\"PropertyValueSpecification\",\"valueRequired\":true,\"valueName\":\"search_term_string\"}}],\"inLanguage\":\"de-DE\"},{\"@type\":\"Organization\",\"@id\":\"https:\/\/chateauduchatelard.ch\/#organization\",\"name\":\"Ch\u00e2teau du Ch\u00e2telard, Montreux Castle\",\"url\":\"https:\/\/chateauduchatelard.ch\/\",\"logo\":{\"@type\":\"ImageObject\",\"inLanguage\":\"de-DE\",\"@id\":\"https:\/\/chateauduchatelard.ch\/#\/schema\/logo\/image\/\",\"url\":\"https:\/\/chateauduchatelard.ch\/wp-content\/uploads\/2023\/12\/cropped-f_4825b76bbb358c24-1-270x270-1.png\",\"contentUrl\":\"https:\/\/chateauduchatelard.ch\/wp-content\/uploads\/2023\/12\/cropped-f_4825b76bbb358c24-1-270x270-1.png\",\"width\":270,\"height\":270,\"caption\":\"Ch\u00e2teau du Ch\u00e2telard, Montreux Castle\"},\"image\":{\"@id\":\"https:\/\/chateauduchatelard.ch\/#\/schema\/logo\/image\/\"}}]}<\/script>\n<!-- \/ Yoast SEO plugin. -->","yoast_head_json":{"title":"WEDDINGS &#8212; Ch\u00e2teau du Ch\u00e2telard","description":"Book a wedding in our castle &#8212; Ch\u00e2teau du Ch\u00e2telard","robots":{"index":"index","follow":"follow","max-snippet":"max-snippet:-1","max-image-preview":"max-image-preview:large","max-video-preview":"max-video-preview:-1"},"canonical":"https:\/\/chateauduchatelard.ch\/de\/hochzeiten\/","og_locale":"de_DE","og_type":"article","og_title":"WEDDINGS &#8212; Ch\u00e2teau du Ch\u00e2telard","og_description":"Book a wedding in our castle &#8212; Ch\u00e2teau du Ch\u00e2telard","og_url":"https:\/\/chateauduchatelard.ch\/de\/hochzeiten\/","og_site_name":"Ch\u00e2teau du Ch\u00e2telard","article_modified_time":"2024-09-15T13:54:50+00:00","og_image":[{"width":270,"height":270,"url":"https:\/\/chateauduchatelard.ch\/wp-content\/uploads\/2023\/12\/cropped-f_4825b76bbb358c24-1-270x270-1.png","type":"image\/png"}],"twitter_card":"summary_large_image","twitter_misc":{"Gesch\u00e4tzte Lesezeit":"2 Minuten"},"schema":{"@context":"https:\/\/schema.org","@graph":[{"@type":"WebPage","@id":"https:\/\/chateauduchatelard.ch\/weddings\/","url":"https:\/\/chateauduchatelard.ch\/weddings\/","name":"WEDDINGS &#8212; Ch\u00e2teau du Ch\u00e2telard","isPartOf":{"@id":"https:\/\/chateauduchatelard.ch\/#website"},"datePublished":"2023-11-28T13:04:09+00:00","dateModified":"2024-09-15T13:54:50+00:00","description":"Book a wedding in our castle &#8212; Ch\u00e2teau du Ch\u00e2telard","breadcrumb":{"@id":"https:\/\/chateauduchatelard.ch\/weddings\/#breadcrumb"},"inLanguage":"de-DE","potentialAction":[{"@type":"ReadAction","target":["https:\/\/chateauduchatelard.ch\/weddings\/"]}]},{"@type":"BreadcrumbList","@id":"https:\/\/chateauduchatelard.ch\/weddings\/#breadcrumb","itemListElement":[{"@type":"ListItem","position":1,"name":"Home","item":"https:\/\/chateauduchatelard.ch\/"},{"@type":"ListItem","position":2,"name":"WEDDINGS"}]},{"@type":"WebSite","@id":"https:\/\/chateauduchatelard.ch\/#website","url":"https:\/\/chateauduchatelard.ch\/","name":"Ch\u00e2teau du Ch\u00e2telard","description":"","publisher":{"@id":"https:\/\/chateauduchatelard.ch\/#organization"},"alternateName":"Ch\u00e2teau du Ch\u00e2telard","potentialAction":[{"@type":"SearchAction","target":{"@type":"EntryPoint","urlTemplate":"https:\/\/chateauduchatelard.ch\/?s={search_term_string}"},"query-input":{"@type":"PropertyValueSpecification","valueRequired":true,"valueName":"search_term_string"}}],"inLanguage":"de-DE"},{"@type":"Organization","@id":"https:\/\/chateauduchatelard.ch\/#organization","name":"Ch\u00e2teau du Ch\u00e2telard, Montreux Castle","url":"https:\/\/chateauduchatelard.ch\/","logo":{"@type":"ImageObject","inLanguage":"de-DE","@id":"https:\/\/chateauduchatelard.ch\/#\/schema\/logo\/image\/","url":"https:\/\/chateauduchatelard.ch\/wp-content\/uploads\/2023\/12\/cropped-f_4825b76bbb358c24-1-270x270-1.png","contentUrl":"https:\/\/chateauduchatelard.ch\/wp-content\/uploads\/2023\/12\/cropped-f_4825b76bbb358c24-1-270x270-1.png","width":270,"height":270,"caption":"Ch\u00e2teau du Ch\u00e2telard, Montreux Castle"},"image":{"@id":"https:\/\/chateauduchatelard.ch\/#\/schema\/logo\/image\/"}}]}},"_links":{"self":[{"href":"https:\/\/chateauduchatelard.ch\/de\/wp-json\/wp\/v2\/pages\/95"}],"collection":[{"href":"https:\/\/chateauduchatelard.ch\/de\/wp-json\/wp\/v2\/pages"}],"about":[{"href":"https:\/\/chateauduchatelard.ch\/de\/wp-json\/wp\/v2\/types\/page"}],"author":[{"embeddable":true,"href":"https:\/\/chateauduchatelard.ch\/de\/wp-json\/wp\/v2\/users\/2"}],"replies":[{"embeddable":true,"href":"https:\/\/chateauduchatelard.ch\/de\/wp-json\/wp\/v2\/comments?post=95"}],"version-history":[{"count":45,"href":"https:\/\/chateauduchatelard.ch\/de\/wp-json\/wp\/v2\/pages\/95\/revisions"}],"predecessor-version":[{"id":668,"href":"https:\/\/chateauduchatelard.ch\/de\/wp-json\/wp\/v2\/pages\/95\/revisions\/668"}],"wp:attachment":[{"href":"https:\/\/chateauduchatelard.ch\/de\/wp-json\/wp\/v2\/media?parent=95"}],"curies":[{"name":"wp","href":"https:\/\/api.w.org\/{rel}","templated":true}]}}