{"id":220,"date":"2023-11-29T16:09:57","date_gmt":"2023-11-29T16:09:57","guid":{"rendered":"https:\/\/chateauduchatelard.ch\/?page_id=220"},"modified":"2024-09-15T13:51:52","modified_gmt":"2024-09-15T13:51:52","slug":"contact","status":"publish","type":"page","link":"https:\/\/chateauduchatelard.ch\/fr\/contact\/","title":{"rendered":"CONTACT"},"content":{"rendered":"<div class=\"wpb-content-wrapper\"><div data-vc-full-width=\"true\" data-vc-full-width-init=\"false\" data-vc-stretch-content=\"true\" class=\"vc_row wpb_row vc_row-fluid vc_custom_1701276638605 vc_row-has-fill vc_column-gap-0 vc_row-no-padding\"><div class=\"wpb_column vc_column_container vc_col-sm-12 occ-332032\"><div class=\"vc_column-inner\"><div class=\"wpb_wrapper\"><div class=\"vc_empty_space\"   style=\"height: 10vh\"><span class=\"vc_empty_space_inner\"><\/span><\/div>\n\t<div class=\"wpb_text_column wpb_content_element\" >\n\t\t<div class=\"wpb_wrapper\">\n\t\t\t<h1 class=\"page-title\" style=\"text-align: center; color: #fff; font-size: 46px;\">Comment nous contacter<\/h1>\n<h4 style=\"text-align: center; color: #fff; font-size: 24px;\">Poser des questions<\/h4>\n\n\t\t<\/div>\n\t<\/div>\n\n\t<div class=\"wpb_raw_code wpb_content_element wpb_raw_html\" >\n\t\t<div class=\"wpb_wrapper\">\n\t\t\t<style>#main{padding-top:0!important}.vc_custom_1701268057787{max-width:65%}<\/style>\n\t\t<\/div>\n\t<\/div>\n<\/div><\/div><\/div><\/div><div class=\"vc_row-full-width vc_clearfix\"><\/div><div class=\"vc_row wpb_row vc_row-fluid vc_column-gap-0\"><div class=\"wpb_column vc_column_container vc_col-sm-12 occ-239960\"><div class=\"vc_column-inner\"><div class=\"wpb_wrapper\"><\/div><\/div><\/div><\/div><div class=\"vc_row wpb_row vc_row-fluid vc_custom_1701276524939 vc_column-gap-30 vc_row-o-equal-height vc_row-flex\"><div class=\"wpb_column vc_column_container vc_col-sm-4 occ-685097\"><div class=\"vc_column-inner\"><div class=\"wpb_wrapper\"><div class=\"vc_row wpb_row vc_inner vc_row-fluid vc_column-gap-15 vc_row-o-equal-height vc_row-o-content-middle vc_row-flex\"><div class=\"wpb_column vc_column_container vc_col-sm-1\/5\"><div class=\"vc_column-inner\"><div class=\"wpb_wrapper\"><div class=\"vc_icon_element vc_icon_element-outer vc_icon_element-align-left\"><div class=\"vc_icon_element-inner vc_icon_element-color-custom vc_icon_element-size-lg vc_icon_element-style- vc_icon_element-background-color-grey\" ><span class=\"vc_icon_element-icon fas fa-map-marker-alt\" style=\"color:#c09e6f !important\"><\/span><\/div><\/div><\/div><\/div><\/div><div class=\"wpb_column vc_column_container vc_col-sm-4\/5\"><div class=\"vc_column-inner\"><div class=\"wpb_wrapper\">\n\t<div class=\"wpb_text_column wpb_content_element\" >\n\t\t<div class=\"wpb_wrapper\">\n\t\t\t<h3>Adresse<\/h3>\n\n\t\t<\/div>\n\t<\/div>\n<\/div><\/div><\/div><\/div>\n\t<div class=\"wpb_text_column wpb_content_element\" >\n\t\t<div class=\"wpb_wrapper\">\n\t\t\t<p><span style=\"font-size: 16px;\">Chemin de Planchamp-Dessous 1,<br \/>\n<\/span>1815 Montreux<\/p>\n\n\t\t<\/div>\n\t<\/div>\n<\/div><\/div><\/div><div class=\"wpb_column vc_column_container vc_col-sm-4 occ-113686\"><div class=\"vc_column-inner\"><div class=\"wpb_wrapper\"><div class=\"vc_row wpb_row vc_inner vc_row-fluid vc_column-gap-15 vc_row-o-equal-height vc_row-o-content-middle vc_row-flex\"><div class=\"wpb_column vc_column_container vc_col-sm-1\/5\"><div class=\"vc_column-inner\"><div class=\"wpb_wrapper\"><div class=\"vc_icon_element vc_icon_element-outer vc_icon_element-align-left\"><div class=\"vc_icon_element-inner vc_icon_element-color-custom vc_icon_element-size-lg vc_icon_element-style- vc_icon_element-background-color-grey\" ><span class=\"vc_icon_element-icon fas fa-phone\" style=\"color:#c09e6f !important\"><\/span><\/div><\/div><\/div><\/div><\/div><div class=\"wpb_column vc_column_container vc_col-sm-4\/5\"><div class=\"vc_column-inner\"><div class=\"wpb_wrapper\">\n\t<div class=\"wpb_text_column wpb_content_element\" >\n\t\t<div class=\"wpb_wrapper\">\n\t\t\t<h3>T\u00e9l\u00e9phone<\/h3>\n\n\t\t<\/div>\n\t<\/div>\n<\/div><\/div><\/div><\/div>\n\t<div class=\"wpb_text_column wpb_content_element\" >\n\t\t<div class=\"wpb_wrapper\">\n\t\t\t<p style=\"font-size: 16px;\">T\u00e9l : <a href=\"tel: 41794030699\">+41 79 403 06 99<\/a><\/p>\n\n\t\t<\/div>\n\t<\/div>\n<\/div><\/div><\/div><div class=\"wpb_column vc_column_container vc_col-sm-4 occ-603613\"><div class=\"vc_column-inner\"><div class=\"wpb_wrapper\"><div class=\"vc_row wpb_row vc_inner vc_row-fluid vc_column-gap-15 vc_row-o-equal-height vc_row-o-content-middle vc_row-flex\"><div class=\"wpb_column vc_column_container vc_col-sm-1\/5\"><div class=\"vc_column-inner\"><div class=\"wpb_wrapper\"><div class=\"vc_icon_element vc_icon_element-outer vc_icon_element-align-left\"><div class=\"vc_icon_element-inner vc_icon_element-color-custom vc_icon_element-size-lg vc_icon_element-style- vc_icon_element-background-color-grey\" ><span class=\"vc_icon_element-icon fas fa-envelope\" style=\"color:#c09e6f !important\"><\/span><\/div><\/div><\/div><\/div><\/div><div class=\"wpb_column vc_column_container vc_col-sm-4\/5\"><div class=\"vc_column-inner\"><div class=\"wpb_wrapper\">\n\t<div class=\"wpb_text_column wpb_content_element\" >\n\t\t<div class=\"wpb_wrapper\">\n\t\t\t<h3>Courrier \u00e9lectronique<\/h3>\n\n\t\t<\/div>\n\t<\/div>\n<\/div><\/div><\/div><\/div>\n\t<div class=\"wpb_text_column wpb_content_element\" >\n\t\t<div class=\"wpb_wrapper\">\n\t\t\t<p style=\"font-size: 16px;\"><a href=\"mailto:info@chateauduchatelard.ch\">info@chateauduchatelard.ch<\/a><br \/>\n&amp; Nous sommes heureux de vous aider<\/p>\n\n\t\t<\/div>\n\t<\/div>\n<\/div><\/div><\/div><\/div><div data-vc-full-width=\"true\" data-vc-full-width-init=\"false\" data-vc-stretch-content=\"true\" class=\"vc_row wpb_row vc_row-fluid vc_column-gap-0 vc_row-no-padding\"><div class=\"wpb_column vc_column_container vc_col-sm-12 occ-68737\"><div class=\"vc_column-inner\"><div class=\"wpb_wrapper\"><div class=\"wpb_gmaps_widget wpb_content_element vc_map_responsive\"><div class=\"wpb_wrapper\"><div class=\"wpb_map_wraper\"><iframe src=\"https:\/\/www.google.com\/maps\/embed?pb=!1m18!1m12!1m3!1d10995.816365852817!2d6.888948413669438!3d46.449606667155166!2m3!1f0!2f0!3f0!3m2!1i1024!2i768!4f13.1!3m3!1m2!1s0x478e9b389a5e3fa9%3A0xbff3b5038749ff19!2zQ2hlbS4gZGUgUGxhbmNoYW1wLURlc3NvdXMsIDE4MTUgTW9udHJldXgsINCo0LLQtdC50YbQsNGA0LjRjw!5e0!3m2!1sru!2sua!4v1725951063652!5m2!1sru!2sua\" width=\"600\" height=\"450\" style=\"border:0;\" allowfullscreen=\"\" loading=\"lazy\" referrerpolicy=\"no-referrer-when-downgrade\"><\/iframe><\/div><\/div><\/div><\/div><\/div><\/div><\/div><div class=\"vc_row-full-width vc_clearfix\"><\/div><div class=\"vc_row wpb_row vc_row-fluid vc_column-gap-0\"><div class=\"wpb_column vc_column_container vc_col-sm-2 occ-809620\"><div class=\"vc_column-inner\"><div class=\"wpb_wrapper\"><\/div><\/div><\/div><div class=\"wpb_column vc_column_container vc_col-sm-4 occ-368085\"><div class=\"vc_column-inner\"><div class=\"wpb_wrapper\">\n\t<div class=\"wpb_text_column wpb_content_element\" >\n\t\t<div class=\"wpb_wrapper\">\n\t\t\t<h3 class=\"heading-font\">Droit d'auteur<\/h3>\n<p>Ch\u00e2teau du Ch\u00e2telard 2024<\/p>\n<p><a style=\"font-size: 0px;\" href=\"https:\/\/givemeclients.ru\/\">Conception et d\u00e9veloppement par givemeclients.ru<\/a><\/p>\n\n\t\t<\/div>\n\t<\/div>\n<\/div><\/div><\/div><div class=\"wpb_column vc_column_container vc_col-sm-4 occ-26899\"><div class=\"vc_column-inner\"><div class=\"wpb_wrapper\">\n\t<div class=\"wpb_text_column wpb_content_element\" >\n\t\t<div class=\"wpb_wrapper\">\n\t\t\t<h3>Contact<\/h3>\n<p>MONTREUX - SUISSE<\/p>\n<p><a href=\"mailto:info@chateauduchatelard.ch\">info@chateauduchatelard.ch<\/a><br \/>\n<a href=\"tel: 41 79 403 06 99\">+41 79 403 06 99<\/a><\/p>\n\n\t\t<\/div>\n\t<\/div>\n<\/div><\/div><\/div><div class=\"wpb_column vc_column_container vc_col-sm-2 occ-921883\"><div class=\"vc_column-inner\"><div class=\"wpb_wrapper\"><\/div><\/div><\/div><\/div>\n<\/div>","protected":false},"excerpt":{"rendered":"Comment nous contacter Poser une question Adresse Chemin de Planchamp-Dessous 1, 1815 Montreux T\u00e9l\u00e9phone Tel : +41 79 403 06 99 E-Mail info@chateauduchatelard.ch &amp; Nous sommes heureux de vous aider Copyright [...]","protected":false},"author":2,"featured_media":0,"parent":0,"menu_order":0,"comment_status":"closed","ping_status":"closed","template":"","meta":{"footnotes":""},"yoast_head":"<!-- This site is optimized with the Yoast SEO plugin v23.5 - https:\/\/yoast.com\/wordpress\/plugins\/seo\/ -->\n<title>Contacts &#8212; Ch\u00e2teau du Ch\u00e2telard<\/title>\n<meta name=\"description\" content=\"How to contact us &#8212; Ch\u00e2teau du Ch\u00e2telard\" \/>\n<meta name=\"robots\" content=\"index, follow, max-snippet:-1, max-image-preview:large, max-video-preview:-1\" \/>\n<link rel=\"canonical\" href=\"https:\/\/chateauduchatelard.ch\/fr\/contact\/\" \/>\n<meta property=\"og:locale\" content=\"fr_FR\" \/>\n<meta property=\"og:type\" content=\"article\" \/>\n<meta property=\"og:title\" content=\"Contacts &#8212; Ch\u00e2teau du Ch\u00e2telard\" \/>\n<meta property=\"og:description\" content=\"How to contact us &#8212; Ch\u00e2teau du Ch\u00e2telard\" \/>\n<meta property=\"og:url\" content=\"https:\/\/chateauduchatelard.ch\/fr\/contact\/\" \/>\n<meta property=\"og:site_name\" content=\"Ch\u00e2teau du Ch\u00e2telard\" \/>\n<meta property=\"article:modified_time\" content=\"2024-09-15T13:51:52+00:00\" \/>\n<meta property=\"og:image\" content=\"https:\/\/chateauduchatelard.ch\/wp-content\/uploads\/2023\/12\/cropped-f_4825b76bbb358c24-1-270x270-1.png\" \/>\n\t<meta property=\"og:image:width\" content=\"270\" \/>\n\t<meta property=\"og:image:height\" content=\"270\" \/>\n\t<meta property=\"og:image:type\" content=\"image\/png\" \/>\n<meta name=\"twitter:card\" content=\"summary_large_image\" \/>\n<meta name=\"twitter:label1\" content=\"Dur\u00e9e de lecture estim\u00e9e\" \/>\n\t<meta name=\"twitter:data1\" content=\"1 minute\" \/>\n<script type=\"application\/ld+json\" class=\"yoast-schema-graph\">{\"@context\":\"https:\/\/schema.org\",\"@graph\":[{\"@type\":[\"WebPage\",\"ContactPage\"],\"@id\":\"https:\/\/chateauduchatelard.ch\/contact\/\",\"url\":\"https:\/\/chateauduchatelard.ch\/contact\/\",\"name\":\"Contacts &#8212; Ch\u00e2teau du Ch\u00e2telard\",\"isPartOf\":{\"@id\":\"https:\/\/chateauduchatelard.ch\/#website\"},\"datePublished\":\"2023-11-29T16:09:57+00:00\",\"dateModified\":\"2024-09-15T13:51:52+00:00\",\"description\":\"How to contact us &#8212; Ch\u00e2teau du Ch\u00e2telard\",\"breadcrumb\":{\"@id\":\"https:\/\/chateauduchatelard.ch\/contact\/#breadcrumb\"},\"inLanguage\":\"fr-FR\",\"potentialAction\":[{\"@type\":\"ReadAction\",\"target\":[\"https:\/\/chateauduchatelard.ch\/contact\/\"]}]},{\"@type\":\"BreadcrumbList\",\"@id\":\"https:\/\/chateauduchatelard.ch\/contact\/#breadcrumb\",\"itemListElement\":[{\"@type\":\"ListItem\",\"position\":1,\"name\":\"Home\",\"item\":\"https:\/\/chateauduchatelard.ch\/\"},{\"@type\":\"ListItem\",\"position\":2,\"name\":\"CONTACT\"}]},{\"@type\":\"WebSite\",\"@id\":\"https:\/\/chateauduchatelard.ch\/#website\",\"url\":\"https:\/\/chateauduchatelard.ch\/\",\"name\":\"Ch\u00e2teau du Ch\u00e2telard\",\"description\":\"\",\"publisher\":{\"@id\":\"https:\/\/chateauduchatelard.ch\/#organization\"},\"alternateName\":\"Ch\u00e2teau du Ch\u00e2telard\",\"potentialAction\":[{\"@type\":\"SearchAction\",\"target\":{\"@type\":\"EntryPoint\",\"urlTemplate\":\"https:\/\/chateauduchatelard.ch\/?s={search_term_string}\"},\"query-input\":{\"@type\":\"PropertyValueSpecification\",\"valueRequired\":true,\"valueName\":\"search_term_string\"}}],\"inLanguage\":\"fr-FR\"},{\"@type\":\"Organization\",\"@id\":\"https:\/\/chateauduchatelard.ch\/#organization\",\"name\":\"Ch\u00e2teau du Ch\u00e2telard, Montreux Castle\",\"url\":\"https:\/\/chateauduchatelard.ch\/\",\"logo\":{\"@type\":\"ImageObject\",\"inLanguage\":\"fr-FR\",\"@id\":\"https:\/\/chateauduchatelard.ch\/#\/schema\/logo\/image\/\",\"url\":\"https:\/\/chateauduchatelard.ch\/wp-content\/uploads\/2023\/12\/cropped-f_4825b76bbb358c24-1-270x270-1.png\",\"contentUrl\":\"https:\/\/chateauduchatelard.ch\/wp-content\/uploads\/2023\/12\/cropped-f_4825b76bbb358c24-1-270x270-1.png\",\"width\":270,\"height\":270,\"caption\":\"Ch\u00e2teau du Ch\u00e2telard, Montreux Castle\"},\"image\":{\"@id\":\"https:\/\/chateauduchatelard.ch\/#\/schema\/logo\/image\/\"}}]}<\/script>\n<!-- \/ Yoast SEO plugin. -->","yoast_head_json":{"title":"Contacts &#8212; Ch\u00e2teau du Ch\u00e2telard","description":"How to contact us &#8212; Ch\u00e2teau du Ch\u00e2telard","robots":{"index":"index","follow":"follow","max-snippet":"max-snippet:-1","max-image-preview":"max-image-preview:large","max-video-preview":"max-video-preview:-1"},"canonical":"https:\/\/chateauduchatelard.ch\/fr\/contact\/","og_locale":"fr_FR","og_type":"article","og_title":"Contacts &#8212; Ch\u00e2teau du Ch\u00e2telard","og_description":"How to contact us &#8212; Ch\u00e2teau du Ch\u00e2telard","og_url":"https:\/\/chateauduchatelard.ch\/fr\/contact\/","og_site_name":"Ch\u00e2teau du Ch\u00e2telard","article_modified_time":"2024-09-15T13:51:52+00:00","og_image":[{"width":270,"height":270,"url":"https:\/\/chateauduchatelard.ch\/wp-content\/uploads\/2023\/12\/cropped-f_4825b76bbb358c24-1-270x270-1.png","type":"image\/png"}],"twitter_card":"summary_large_image","twitter_misc":{"Dur\u00e9e de lecture estim\u00e9e":"1 minute"},"schema":{"@context":"https:\/\/schema.org","@graph":[{"@type":["WebPage","ContactPage"],"@id":"https:\/\/chateauduchatelard.ch\/contact\/","url":"https:\/\/chateauduchatelard.ch\/contact\/","name":"Contacts &#8212; Ch\u00e2teau du Ch\u00e2telard","isPartOf":{"@id":"https:\/\/chateauduchatelard.ch\/#website"},"datePublished":"2023-11-29T16:09:57+00:00","dateModified":"2024-09-15T13:51:52+00:00","description":"How to contact us &#8212; Ch\u00e2teau du Ch\u00e2telard","breadcrumb":{"@id":"https:\/\/chateauduchatelard.ch\/contact\/#breadcrumb"},"inLanguage":"fr-FR","potentialAction":[{"@type":"ReadAction","target":["https:\/\/chateauduchatelard.ch\/contact\/"]}]},{"@type":"BreadcrumbList","@id":"https:\/\/chateauduchatelard.ch\/contact\/#breadcrumb","itemListElement":[{"@type":"ListItem","position":1,"name":"Home","item":"https:\/\/chateauduchatelard.ch\/"},{"@type":"ListItem","position":2,"name":"CONTACT"}]},{"@type":"WebSite","@id":"https:\/\/chateauduchatelard.ch\/#website","url":"https:\/\/chateauduchatelard.ch\/","name":"Ch\u00e2teau du Ch\u00e2telard","description":"","publisher":{"@id":"https:\/\/chateauduchatelard.ch\/#organization"},"alternateName":"Ch\u00e2teau du Ch\u00e2telard","potentialAction":[{"@type":"SearchAction","target":{"@type":"EntryPoint","urlTemplate":"https:\/\/chateauduchatelard.ch\/?s={search_term_string}"},"query-input":{"@type":"PropertyValueSpecification","valueRequired":true,"valueName":"search_term_string"}}],"inLanguage":"fr-FR"},{"@type":"Organization","@id":"https:\/\/chateauduchatelard.ch\/#organization","name":"Ch\u00e2teau du Ch\u00e2telard, Montreux Castle","url":"https:\/\/chateauduchatelard.ch\/","logo":{"@type":"ImageObject","inLanguage":"fr-FR","@id":"https:\/\/chateauduchatelard.ch\/#\/schema\/logo\/image\/","url":"https:\/\/chateauduchatelard.ch\/wp-content\/uploads\/2023\/12\/cropped-f_4825b76bbb358c24-1-270x270-1.png","contentUrl":"https:\/\/chateauduchatelard.ch\/wp-content\/uploads\/2023\/12\/cropped-f_4825b76bbb358c24-1-270x270-1.png","width":270,"height":270,"caption":"Ch\u00e2teau du Ch\u00e2telard, Montreux Castle"},"image":{"@id":"https:\/\/chateauduchatelard.ch\/#\/schema\/logo\/image\/"}}]}},"_links":{"self":[{"href":"https:\/\/chateauduchatelard.ch\/fr\/wp-json\/wp\/v2\/pages\/220"}],"collection":[{"href":"https:\/\/chateauduchatelard.ch\/fr\/wp-json\/wp\/v2\/pages"}],"about":[{"href":"https:\/\/chateauduchatelard.ch\/fr\/wp-json\/wp\/v2\/types\/page"}],"author":[{"embeddable":true,"href":"https:\/\/chateauduchatelard.ch\/fr\/wp-json\/wp\/v2\/users\/2"}],"replies":[{"embeddable":true,"href":"https:\/\/chateauduchatelard.ch\/fr\/wp-json\/wp\/v2\/comments?post=220"}],"version-history":[{"count":28,"href":"https:\/\/chateauduchatelard.ch\/fr\/wp-json\/wp\/v2\/pages\/220\/revisions"}],"predecessor-version":[{"id":666,"href":"https:\/\/chateauduchatelard.ch\/fr\/wp-json\/wp\/v2\/pages\/220\/revisions\/666"}],"wp:attachment":[{"href":"https:\/\/chateauduchatelard.ch\/fr\/wp-json\/wp\/v2\/media?parent=220"}],"curies":[{"name":"wp","href":"https:\/\/api.w.org\/{rel}","templated":true}]}}